{"id":1710,"date":"2024-11-10T17:21:44","date_gmt":"2024-11-10T17:21:44","guid":{"rendered":"https:\/\/batuhangg.com.tr\/en\/?page_id=1710"},"modified":"2024-11-10T17:27:39","modified_gmt":"2024-11-10T17:27:39","slug":"684598897-2","status":"publish","type":"page","link":"https:\/\/batuhangg.com.tr\/en\/684598897-2\/","title":{"rendered":""},"content":{"rendered":"\n<script async src=\"https:\/\/pagead2.googlesyndication.com\/pagead\/js\/adsbygoogle.js?client=ca-pub-1998446282663652\"\r\n     crossorigin=\"anonymous\"><\/script>\r\n<!-- g\u00f6r\u00fcnt\u00fcl\u00fc -->\r\n<ins class=\"adsbygoogle\"\r\n     style=\"display:block\"\r\n     data-ad-client=\"ca-pub-1998446282663652\"\r\n     data-ad-slot=\"6934015339\"\r\n     data-ad-format=\"auto\"\r\n     data-full-width-responsive=\"true\"><\/ins>\r\n<script>\r\n     (adsbygoogle = window.adsbygoogle || []).push({});\r\n<\/script>\n\n\n\n<p><a href=\"https:\/\/batuhangg.com.tr\/minecraft-1-20-5-1-20-6-tek-atan-siginc-1000-topuz-mace-kodu\/\">https:\/\/batuhangg.com.tr\/minecraft-1-20-5-1-20-6-tek-atan-siginc-1000-topuz-mace-kodu\/<\/a><\/p>\n\n\n\n<h3 class=\"wp-block-heading\">OP MACE CODE 1.21.3+<\/h3>\n\n\n\r\n        <style>\r\n            span.cacwp_text.index_0 {\r\n\r\n                cursor: pointer;\r\n                display: inline-block;\r\n                transition: ease-in-out .5s;\r\n\r\n                background-color: #ff7b23;\r\n                color: #ffffff;\r\n\r\n                font-family: Helvetica;\r\n                font-weight: 700;\r\n                text-align: left;\r\n                text-transform: capitalize;\r\n                font-size: 30px;\r\n                line-height: 40px;\r\n                letter-spacing: normal;\r\n\r\n                padding-top: 1px;\r\n                padding-right: 3px;\r\n                padding-bottom: 1px;\r\n                padding-left: 3px;\r\n\r\n                margin-top: 20px;\r\n                margin-right: 20px;\r\n                margin-bottom: 20px;\r\n                margin-left: 0;\r\n\r\n                border-top: 5px;\r\n                border-right: 5px;\r\n                border-bottom: 5px;\r\n                border-left: 5px;\r\n                border-color: #ff7b23;\r\n                border-style: solid;\r\n\r\n                border-top-left-radius: 5px;\r\n                border-top-right-radius: 5px;\r\n                border-bottom-right-radius: 5px;\r\n                border-bottom-left-radius: 5px;\r\n\r\n            }\r\n            span.cacwp_text.index_0:hover {\r\n                background-color: #f95b00;\r\n                color: ;\r\n            }\r\n        <\/style>\r\n\r\n        <span class=\"cacwp_text index_0\" title=\"Click to copy\" data-content=\"give @a mace[custom_name=&#039;[&quot;&quot;,{&quot;text&quot;:&quot;OP MACE&quot;,&quot;italic&quot;:false}]&#039;,lore=[&#039;[&quot;&quot;,{&quot;text&quot;:&quot;You&quot;,&quot;italic&quot;:false,&quot;color&quot;:&quot;dark_red&quot;},{&quot;text&quot;:&quot;Tube:&quot;,&quot;italic&quot;:false,&quot;color&quot;:&quot;gray&quot;},{&quot;text&quot;:&quot; &quot;,&quot;italic&quot;:false},{&quot;text&quot;:&quot;Commands By BatuhanGG&quot;,&quot;italic&quot;:false,&quot;bold&quot;:true,&quot;color&quot;:&quot;gold&quot;}]&#039;],enchantments={levels:{fire_aspect:255,looting:5,unbreaking:255,breach:255,density:255,wind_burst:4},show_in_tooltip:false},unbreakable={show_in_tooltip:false},attribute_modifiers={modifiers:[{type:&quot;safe_fall_distance&quot;,amount:100,operation:add_value,id:1721144485651},{type:&quot;attack_speed&quot;,amount:0,operation:add_value,id:1721144485651},{type:&quot;jump_strength&quot;,amount:0.9,operation:add_value,id:1721144485651},{type:&quot;attack_knockback&quot;,amount:1,operation:add_value,id:1721144485651},{type:&quot;entity_interaction_range&quot;,amount:255,operation:add_value,id:1721144485651},{type:&quot;movement_speed&quot;,amount:0.01,operation:add_value,id:1721144485651}],show_in_tooltip:false}]\" data-text=\"Copy!\">Copy!<\/span>\r\n        \r\n        \n\n\n\n<pre class=\"wp-block-code\"><code>give @a mace&#091;custom_name='&#091;\"\",{\"text\":\"OP MACE\",\"italic\":false}]',lore=&#091;'&#091;\"\",{\"text\":\"You\",\"italic\":false,\"color\":\"dark_red\"},{\"text\":\"Tube:\",\"italic\":false,\"color\":\"gray\"},{\"text\":\" \",\"italic\":false},{\"text\":\"Commands By BatuhanGG\",\"italic\":false,\"bold\":true,\"color\":\"gold\"}]'],enchantments={levels:{fire_aspect:255,looting:5,unbreaking:255,breach:255,density:255,wind_burst:4},show_in_tooltip:false},unbreakable={show_in_tooltip:false},attribute_modifiers={modifiers:&#091;{type:\"safe_fall_distance\",amount:100,operation:add_value,id:1721144485651},{type:\"attack_speed\",amount:0,operation:add_value,id:1721144485651},{type:\"jump_strength\",amount:0.9,operation:add_value,id:1721144485651},{type:\"attack_knockback\",amount:1,operation:add_value,id:1721144485651},{type:\"entity_interaction_range\",amount:255,operation:add_value,id:1721144485651},{type:\"movement_speed\",amount:0.01,operation:add_value,id:1721144485651}],show_in_tooltip:false}]<\/code><\/pre>\n\n\n\n<script async src=\"https:\/\/pagead2.googlesyndication.com\/pagead\/js\/adsbygoogle.js?client=ca-pub-1998446282663652\"\r\n     crossorigin=\"anonymous\"><\/script>\r\n<ins class=\"adsbygoogle\"\r\n     style=\"display:block\"\r\n     data-ad-format=\"autorelaxed\"\r\n     data-ad-client=\"ca-pub-1998446282663652\"\r\n     data-ad-slot=\"4032519821\"><\/ins>\r\n<script>\r\n     (adsbygoogle = window.adsbygoogle || []).push({});\r\n<\/script>\n\n\n\n<p><\/p>\n","protected":false},"excerpt":{"rendered":"<p>https:\/\/batuhangg.com.tr\/minecraft-1-20-5-1-20-6-tek-atan-siginc-1000-topuz-mace-kodu\/ OP MACE CODE 1.21.3+<\/p>\n","protected":false},"author":1,"featured_media":0,"parent":0,"menu_order":0,"comment_status":"closed","ping_status":"closed","template":"","meta":{"footnotes":""},"class_list":["post-1710","page","type-page","status-publish","hentry"],"yoast_head":"<!-- This site is optimized with the Yoast SEO plugin v26.5 - https:\/\/yoast.com\/wordpress\/plugins\/seo\/ -->\n<title>- By - BatuhanGG<\/title>\n<meta name=\"robots\" content=\"noindex, follow\" \/>\n<meta property=\"og:locale\" content=\"en_US\" \/>\n<meta property=\"og:type\" content=\"article\" \/>\n<meta property=\"og:title\" content=\"- By - BatuhanGG\" \/>\n<meta property=\"og:description\" content=\"https:\/\/batuhangg.com.tr\/minecraft-1-20-5-1-20-6-tek-atan-siginc-1000-topuz-mace-kodu\/ OP MACE CODE 1.21.3+\" \/>\n<meta property=\"og:url\" content=\"https:\/\/batuhangg.com.tr\/en\/684598897-2\/\" \/>\n<meta property=\"og:site_name\" content=\"By - BatuhanGG\" \/>\n<meta property=\"article:modified_time\" content=\"2024-11-10T17:27:39+00:00\" \/>\n<meta name=\"twitter:card\" content=\"summary_large_image\" \/>\n<meta name=\"twitter:label1\" content=\"Est. reading time\" \/>\n\t<meta name=\"twitter:data1\" content=\"1 minute\" \/>\n<script type=\"application\/ld+json\" class=\"yoast-schema-graph\">{\"@context\":\"https:\/\/schema.org\",\"@graph\":[{\"@type\":\"WebPage\",\"@id\":\"https:\/\/batuhangg.com.tr\/en\/684598897-2\/\",\"url\":\"https:\/\/batuhangg.com.tr\/en\/684598897-2\/\",\"name\":\"- By - BatuhanGG\",\"isPartOf\":{\"@id\":\"https:\/\/batuhangg.com.tr\/en\/#website\"},\"datePublished\":\"2024-11-10T17:21:44+00:00\",\"dateModified\":\"2024-11-10T17:27:39+00:00\",\"inLanguage\":\"en-US\",\"potentialAction\":[{\"@type\":\"ReadAction\",\"target\":[\"https:\/\/batuhangg.com.tr\/en\/684598897-2\/\"]}]},{\"@type\":\"WebSite\",\"@id\":\"https:\/\/batuhangg.com.tr\/en\/#website\",\"url\":\"https:\/\/batuhangg.com.tr\/en\/\",\"name\":\"BatuhanGG - En\",\"description\":\"Commands by BatuhanGG. Don&#039;t forget to subscribe on yt!\",\"publisher\":{\"@id\":\"https:\/\/batuhangg.com.tr\/en\/#organization\"},\"potentialAction\":[{\"@type\":\"SearchAction\",\"target\":{\"@type\":\"EntryPoint\",\"urlTemplate\":\"https:\/\/batuhangg.com.tr\/en\/?s={search_term_string}\"},\"query-input\":{\"@type\":\"PropertyValueSpecification\",\"valueRequired\":true,\"valueName\":\"search_term_string\"}}],\"inLanguage\":\"en-US\"},{\"@type\":\"Organization\",\"@id\":\"https:\/\/batuhangg.com.tr\/en\/#organization\",\"name\":\"BatuhanGG - En\",\"url\":\"https:\/\/batuhangg.com.tr\/en\/\",\"logo\":{\"@type\":\"ImageObject\",\"inLanguage\":\"en-US\",\"@id\":\"https:\/\/batuhangg.com.tr\/en\/#\/schema\/logo\/image\/\",\"url\":\"https:\/\/batuhangg.com.tr\/en\/wp-content\/uploads\/sites\/3\/2025\/12\/cropped-Impulse_Command_Block-e1765021050947.gif\",\"contentUrl\":\"https:\/\/batuhangg.com.tr\/en\/wp-content\/uploads\/sites\/3\/2025\/12\/cropped-Impulse_Command_Block-e1765021050947.gif\",\"width\":120,\"height\":120,\"caption\":\"BatuhanGG - En\"},\"image\":{\"@id\":\"https:\/\/batuhangg.com.tr\/en\/#\/schema\/logo\/image\/\"},\"sameAs\":[\"https:\/\/www.youtube.com\/@batuhangg.global\"]}]}<\/script>\n<!-- \/ Yoast SEO plugin. -->","yoast_head_json":{"title":"- By - BatuhanGG","robots":{"index":"noindex","follow":"follow"},"og_locale":"en_US","og_type":"article","og_title":"- By - BatuhanGG","og_description":"https:\/\/batuhangg.com.tr\/minecraft-1-20-5-1-20-6-tek-atan-siginc-1000-topuz-mace-kodu\/ OP MACE CODE 1.21.3+","og_url":"https:\/\/batuhangg.com.tr\/en\/684598897-2\/","og_site_name":"By - BatuhanGG","article_modified_time":"2024-11-10T17:27:39+00:00","twitter_card":"summary_large_image","twitter_misc":{"Est. reading time":"1 minute"},"schema":{"@context":"https:\/\/schema.org","@graph":[{"@type":"WebPage","@id":"https:\/\/batuhangg.com.tr\/en\/684598897-2\/","url":"https:\/\/batuhangg.com.tr\/en\/684598897-2\/","name":"- By - BatuhanGG","isPartOf":{"@id":"https:\/\/batuhangg.com.tr\/en\/#website"},"datePublished":"2024-11-10T17:21:44+00:00","dateModified":"2024-11-10T17:27:39+00:00","inLanguage":"en-US","potentialAction":[{"@type":"ReadAction","target":["https:\/\/batuhangg.com.tr\/en\/684598897-2\/"]}]},{"@type":"WebSite","@id":"https:\/\/batuhangg.com.tr\/en\/#website","url":"https:\/\/batuhangg.com.tr\/en\/","name":"BatuhanGG - En","description":"Commands by BatuhanGG. Don&#039;t forget to subscribe on yt!","publisher":{"@id":"https:\/\/batuhangg.com.tr\/en\/#organization"},"potentialAction":[{"@type":"SearchAction","target":{"@type":"EntryPoint","urlTemplate":"https:\/\/batuhangg.com.tr\/en\/?s={search_term_string}"},"query-input":{"@type":"PropertyValueSpecification","valueRequired":true,"valueName":"search_term_string"}}],"inLanguage":"en-US"},{"@type":"Organization","@id":"https:\/\/batuhangg.com.tr\/en\/#organization","name":"BatuhanGG - En","url":"https:\/\/batuhangg.com.tr\/en\/","logo":{"@type":"ImageObject","inLanguage":"en-US","@id":"https:\/\/batuhangg.com.tr\/en\/#\/schema\/logo\/image\/","url":"https:\/\/batuhangg.com.tr\/en\/wp-content\/uploads\/sites\/3\/2025\/12\/cropped-Impulse_Command_Block-e1765021050947.gif","contentUrl":"https:\/\/batuhangg.com.tr\/en\/wp-content\/uploads\/sites\/3\/2025\/12\/cropped-Impulse_Command_Block-e1765021050947.gif","width":120,"height":120,"caption":"BatuhanGG - En"},"image":{"@id":"https:\/\/batuhangg.com.tr\/en\/#\/schema\/logo\/image\/"},"sameAs":["https:\/\/www.youtube.com\/@batuhangg.global"]}]}},"_links":{"self":[{"href":"https:\/\/batuhangg.com.tr\/en\/wp-json\/wp\/v2\/pages\/1710","targetHints":{"allow":["GET"]}}],"collection":[{"href":"https:\/\/batuhangg.com.tr\/en\/wp-json\/wp\/v2\/pages"}],"about":[{"href":"https:\/\/batuhangg.com.tr\/en\/wp-json\/wp\/v2\/types\/page"}],"author":[{"embeddable":true,"href":"https:\/\/batuhangg.com.tr\/en\/wp-json\/wp\/v2\/users\/1"}],"replies":[{"embeddable":true,"href":"https:\/\/batuhangg.com.tr\/en\/wp-json\/wp\/v2\/comments?post=1710"}],"version-history":[{"count":3,"href":"https:\/\/batuhangg.com.tr\/en\/wp-json\/wp\/v2\/pages\/1710\/revisions"}],"predecessor-version":[{"id":1715,"href":"https:\/\/batuhangg.com.tr\/en\/wp-json\/wp\/v2\/pages\/1710\/revisions\/1715"}],"wp:attachment":[{"href":"https:\/\/batuhangg.com.tr\/en\/wp-json\/wp\/v2\/media?parent=1710"}],"curies":[{"name":"wp","href":"https:\/\/api.w.org\/{rel}","templated":true}]}}