{"id":1709,"date":"2024-11-10T17:23:15","date_gmt":"2024-11-10T17:23:15","guid":{"rendered":"https:\/\/batuhangg.com.tr\/en\/?page_id=1709"},"modified":"2024-11-10T17:23:27","modified_gmt":"2024-11-10T17:23:27","slug":"opmace-gg-18135","status":"publish","type":"page","link":"https:\/\/batuhangg.com.tr\/en\/opmace-gg-18135\/","title":{"rendered":""},"content":{"rendered":"\n<script async src=\"https:\/\/pagead2.googlesyndication.com\/pagead\/js\/adsbygoogle.js?client=ca-pub-1998446282663652\"\n     crossorigin=\"anonymous\"><\/script>\n<!-- g\u00f6r\u00fcnt\u00fcl\u00fc -->\n<ins class=\"adsbygoogle\"\n     style=\"display:block\"\n     data-ad-client=\"ca-pub-1998446282663652\"\n     data-ad-slot=\"6934015339\"\n     data-ad-format=\"auto\"\n     data-full-width-responsive=\"true\"><\/ins>\n<script>\n     (adsbygoogle = window.adsbygoogle || []).push({});\n<\/script>\n\n\n\n<p><strong>Select the minecraft java version you wanna make the OP MACE:<\/strong><\/p>\n\n\n\n<div class=\"wp-block-buttons is-layout-flex wp-block-buttons-is-layout-flex\">\n<div class=\"wp-block-button\"><a class=\"wp-block-button__link has-black-color has-electric-grass-gradient-background has-text-color has-background has-link-color wp-element-button\" href=\"https:\/\/batuhangg.com.tr\/en\/684598897-2\/\"><strong>1.21.3 and above<\/strong><\/a><\/div>\n\n\n\n<div class=\"wp-block-button\"><a class=\"wp-block-button__link has-black-color has-vivid-red-background-color has-text-color has-background has-link-color wp-element-button\" href=\"https:\/\/batuhangg.com.tr\/en\/324148673-2\/\"><strong>1.21 &#8211; 1.21.2<\/strong><\/a><\/div>\n<\/div>\n\n\n\n<script async src=\"https:\/\/pagead2.googlesyndication.com\/pagead\/js\/adsbygoogle.js?client=ca-pub-1998446282663652\"\n     crossorigin=\"anonymous\"><\/script>\n<ins class=\"adsbygoogle\"\n     style=\"display:block\"\n     data-ad-format=\"autorelaxed\"\n     data-ad-client=\"ca-pub-1998446282663652\"\n     data-ad-slot=\"4032519821\"><\/ins>\n<script>\n     (adsbygoogle = window.adsbygoogle || []).push({});\n<\/script>\n\n\n\n<p><\/p>\n","protected":false},"excerpt":{"rendered":"<p>Select the minecraft java version you wanna make the OP MACE:<\/p>\n","protected":false},"author":1,"featured_media":0,"parent":0,"menu_order":0,"comment_status":"closed","ping_status":"closed","template":"","meta":{"footnotes":""},"class_list":["post-1709","page","type-page","status-publish","hentry"],"yoast_head":"<!-- This site is optimized with the Yoast SEO plugin v26.5 - https:\/\/yoast.com\/wordpress\/plugins\/seo\/ -->\n<title>- By - BatuhanGG<\/title>\n<meta name=\"robots\" content=\"noindex, follow\" \/>\n<meta property=\"og:locale\" content=\"en_US\" \/>\n<meta property=\"og:type\" content=\"article\" \/>\n<meta property=\"og:title\" content=\"- By - BatuhanGG\" \/>\n<meta property=\"og:description\" content=\"Select the minecraft java version you wanna make the OP MACE:\" \/>\n<meta property=\"og:url\" content=\"https:\/\/batuhangg.com.tr\/en\/opmace-gg-18135\/\" \/>\n<meta property=\"og:site_name\" content=\"By - BatuhanGG\" \/>\n<meta property=\"article:modified_time\" content=\"2024-11-10T17:23:27+00:00\" \/>\n<meta name=\"twitter:card\" content=\"summary_large_image\" \/>\n<meta name=\"twitter:label1\" content=\"Est. reading time\" \/>\n\t<meta name=\"twitter:data1\" content=\"1 minute\" \/>\n<script type=\"application\/ld+json\" class=\"yoast-schema-graph\">{\"@context\":\"https:\/\/schema.org\",\"@graph\":[{\"@type\":\"WebPage\",\"@id\":\"https:\/\/batuhangg.com.tr\/en\/opmace-gg-18135\/\",\"url\":\"https:\/\/batuhangg.com.tr\/en\/opmace-gg-18135\/\",\"name\":\"- By - BatuhanGG\",\"isPartOf\":{\"@id\":\"https:\/\/batuhangg.com.tr\/en\/#website\"},\"datePublished\":\"2024-11-10T17:23:15+00:00\",\"dateModified\":\"2024-11-10T17:23:27+00:00\",\"inLanguage\":\"en-US\",\"potentialAction\":[{\"@type\":\"ReadAction\",\"target\":[\"https:\/\/batuhangg.com.tr\/en\/opmace-gg-18135\/\"]}]},{\"@type\":\"WebSite\",\"@id\":\"https:\/\/batuhangg.com.tr\/en\/#website\",\"url\":\"https:\/\/batuhangg.com.tr\/en\/\",\"name\":\"BatuhanGG - En\",\"description\":\"Commands by BatuhanGG. Don&#039;t forget to subscribe on yt!\",\"publisher\":{\"@id\":\"https:\/\/batuhangg.com.tr\/en\/#organization\"},\"potentialAction\":[{\"@type\":\"SearchAction\",\"target\":{\"@type\":\"EntryPoint\",\"urlTemplate\":\"https:\/\/batuhangg.com.tr\/en\/?s={search_term_string}\"},\"query-input\":{\"@type\":\"PropertyValueSpecification\",\"valueRequired\":true,\"valueName\":\"search_term_string\"}}],\"inLanguage\":\"en-US\"},{\"@type\":\"Organization\",\"@id\":\"https:\/\/batuhangg.com.tr\/en\/#organization\",\"name\":\"BatuhanGG - En\",\"url\":\"https:\/\/batuhangg.com.tr\/en\/\",\"logo\":{\"@type\":\"ImageObject\",\"inLanguage\":\"en-US\",\"@id\":\"https:\/\/batuhangg.com.tr\/en\/#\/schema\/logo\/image\/\",\"url\":\"https:\/\/batuhangg.com.tr\/en\/wp-content\/uploads\/sites\/3\/2025\/12\/cropped-Impulse_Command_Block-e1765021050947.gif\",\"contentUrl\":\"https:\/\/batuhangg.com.tr\/en\/wp-content\/uploads\/sites\/3\/2025\/12\/cropped-Impulse_Command_Block-e1765021050947.gif\",\"width\":120,\"height\":120,\"caption\":\"BatuhanGG - En\"},\"image\":{\"@id\":\"https:\/\/batuhangg.com.tr\/en\/#\/schema\/logo\/image\/\"},\"sameAs\":[\"https:\/\/www.youtube.com\/@batuhangg.global\"]}]}<\/script>\n<!-- \/ Yoast SEO plugin. -->","yoast_head_json":{"title":"- By - BatuhanGG","robots":{"index":"noindex","follow":"follow"},"og_locale":"en_US","og_type":"article","og_title":"- By - BatuhanGG","og_description":"Select the minecraft java version you wanna make the OP MACE:","og_url":"https:\/\/batuhangg.com.tr\/en\/opmace-gg-18135\/","og_site_name":"By - BatuhanGG","article_modified_time":"2024-11-10T17:23:27+00:00","twitter_card":"summary_large_image","twitter_misc":{"Est. reading time":"1 minute"},"schema":{"@context":"https:\/\/schema.org","@graph":[{"@type":"WebPage","@id":"https:\/\/batuhangg.com.tr\/en\/opmace-gg-18135\/","url":"https:\/\/batuhangg.com.tr\/en\/opmace-gg-18135\/","name":"- By - BatuhanGG","isPartOf":{"@id":"https:\/\/batuhangg.com.tr\/en\/#website"},"datePublished":"2024-11-10T17:23:15+00:00","dateModified":"2024-11-10T17:23:27+00:00","inLanguage":"en-US","potentialAction":[{"@type":"ReadAction","target":["https:\/\/batuhangg.com.tr\/en\/opmace-gg-18135\/"]}]},{"@type":"WebSite","@id":"https:\/\/batuhangg.com.tr\/en\/#website","url":"https:\/\/batuhangg.com.tr\/en\/","name":"BatuhanGG - En","description":"Commands by BatuhanGG. Don&#039;t forget to subscribe on yt!","publisher":{"@id":"https:\/\/batuhangg.com.tr\/en\/#organization"},"potentialAction":[{"@type":"SearchAction","target":{"@type":"EntryPoint","urlTemplate":"https:\/\/batuhangg.com.tr\/en\/?s={search_term_string}"},"query-input":{"@type":"PropertyValueSpecification","valueRequired":true,"valueName":"search_term_string"}}],"inLanguage":"en-US"},{"@type":"Organization","@id":"https:\/\/batuhangg.com.tr\/en\/#organization","name":"BatuhanGG - En","url":"https:\/\/batuhangg.com.tr\/en\/","logo":{"@type":"ImageObject","inLanguage":"en-US","@id":"https:\/\/batuhangg.com.tr\/en\/#\/schema\/logo\/image\/","url":"https:\/\/batuhangg.com.tr\/en\/wp-content\/uploads\/sites\/3\/2025\/12\/cropped-Impulse_Command_Block-e1765021050947.gif","contentUrl":"https:\/\/batuhangg.com.tr\/en\/wp-content\/uploads\/sites\/3\/2025\/12\/cropped-Impulse_Command_Block-e1765021050947.gif","width":120,"height":120,"caption":"BatuhanGG - En"},"image":{"@id":"https:\/\/batuhangg.com.tr\/en\/#\/schema\/logo\/image\/"},"sameAs":["https:\/\/www.youtube.com\/@batuhangg.global"]}]}},"_links":{"self":[{"href":"https:\/\/batuhangg.com.tr\/en\/wp-json\/wp\/v2\/pages\/1709","targetHints":{"allow":["GET"]}}],"collection":[{"href":"https:\/\/batuhangg.com.tr\/en\/wp-json\/wp\/v2\/pages"}],"about":[{"href":"https:\/\/batuhangg.com.tr\/en\/wp-json\/wp\/v2\/types\/page"}],"author":[{"embeddable":true,"href":"https:\/\/batuhangg.com.tr\/en\/wp-json\/wp\/v2\/users\/1"}],"replies":[{"embeddable":true,"href":"https:\/\/batuhangg.com.tr\/en\/wp-json\/wp\/v2\/comments?post=1709"}],"version-history":[{"count":1,"href":"https:\/\/batuhangg.com.tr\/en\/wp-json\/wp\/v2\/pages\/1709\/revisions"}],"predecessor-version":[{"id":1712,"href":"https:\/\/batuhangg.com.tr\/en\/wp-json\/wp\/v2\/pages\/1709\/revisions\/1712"}],"wp:attachment":[{"href":"https:\/\/batuhangg.com.tr\/en\/wp-json\/wp\/v2\/media?parent=1709"}],"curies":[{"name":"wp","href":"https:\/\/api.w.org\/{rel}","templated":true}]}}